{"id":10,"date":"2013-10-24T18:20:59","date_gmt":"2013-10-24T16:20:59","guid":{"rendered":"http:\/\/www.cafe-pension-frey.de\/wp\/?page_id=10"},"modified":"2024-01-06T21:23:30","modified_gmt":"2024-01-06T19:23:30","slug":"ferienwohnung","status":"publish","type":"page","link":"https:\/\/www.cafe-pension-frey.de\/herzlich-willkommen\/ferienwohnung\/","title":{"rendered":"Ferienwohnung"},"content":{"rendered":"<p>Die Ferienwohnung umfasst 90 qm. Mit seperatem Eingang, und einer gro\u00dfen Aussenterrasse. Mit zwei getrennten Schlafzimmern.<br \/>Ein t\u00e4glicher Br\u00f6tchenservice ist eingerichtet.<br \/>Auf Wunsch bereiten wir Ihnen auch Ihr Fr\u00fchst\u00fcck in unserer Pension zu.<\/p>\n<p>Bettw\u00e4sche und Handt\u00fccher sind vorhanden.<br \/>Die Endreinigung der Wohnung ist im Preis inbegriffen.<\/p>\n\n\n\n<figure class=\"wp-block-gallery has-nested-images columns-default is-cropped wp-block-gallery-1 is-layout-flex wp-block-gallery-is-layout-flex\">\n<figure class=\"wp-block-image size-large\"><a href=\"https:\/\/www.cafe-pension-frey.de\/wp\/wp-content\/uploads\/2023\/12\/P1000618-scaled.jpg\"><img loading=\"lazy\" decoding=\"async\" width=\"1024\" height=\"683\" data-id=\"207\" src=\"https:\/\/www.cafe-pension-frey.de\/wp\/wp-content\/uploads\/2023\/12\/P1000618-1024x683.jpg\" alt=\"\" class=\"wp-image-207\" srcset=\"https:\/\/www.cafe-pension-frey.de\/wp\/wp-content\/uploads\/2023\/12\/P1000618-1024x683.jpg 1024w, https:\/\/www.cafe-pension-frey.de\/wp\/wp-content\/uploads\/2023\/12\/P1000618-300x200.jpg 300w, https:\/\/www.cafe-pension-frey.de\/wp\/wp-content\/uploads\/2023\/12\/P1000618-768x512.jpg 768w, https:\/\/www.cafe-pension-frey.de\/wp\/wp-content\/uploads\/2023\/12\/P1000618-1536x1024.jpg 1536w, https:\/\/www.cafe-pension-frey.de\/wp\/wp-content\/uploads\/2023\/12\/P1000618-2048x1365.jpg 2048w\" sizes=\"auto, (max-width: 1024px) 100vw, 1024px\" \/><\/a><\/figure>\n\n\n\n<figure class=\"wp-block-image size-large\"><a href=\"https:\/\/www.cafe-pension-frey.de\/wp\/wp-content\/uploads\/2023\/12\/P1000617-scaled.jpg\"><img loading=\"lazy\" decoding=\"async\" width=\"1024\" height=\"683\" data-id=\"206\" src=\"https:\/\/www.cafe-pension-frey.de\/wp\/wp-content\/uploads\/2023\/12\/P1000617-1024x683.jpg\" alt=\"\" class=\"wp-image-206\" srcset=\"https:\/\/www.cafe-pension-frey.de\/wp\/wp-content\/uploads\/2023\/12\/P1000617-1024x683.jpg 1024w, https:\/\/www.cafe-pension-frey.de\/wp\/wp-content\/uploads\/2023\/12\/P1000617-300x200.jpg 300w, https:\/\/www.cafe-pension-frey.de\/wp\/wp-content\/uploads\/2023\/12\/P1000617-768x512.jpg 768w, https:\/\/www.cafe-pension-frey.de\/wp\/wp-content\/uploads\/2023\/12\/P1000617-1536x1024.jpg 1536w, https:\/\/www.cafe-pension-frey.de\/wp\/wp-content\/uploads\/2023\/12\/P1000617-2048x1365.jpg 2048w\" sizes=\"auto, (max-width: 1024px) 100vw, 1024px\" \/><\/a><\/figure>\n\n\n\n<figure class=\"wp-block-image size-large\"><a href=\"https:\/\/www.cafe-pension-frey.de\/wp\/wp-content\/uploads\/2023\/12\/P1000611-scaled.jpg\"><img loading=\"lazy\" decoding=\"async\" width=\"1024\" height=\"683\" data-id=\"205\" src=\"https:\/\/www.cafe-pension-frey.de\/wp\/wp-content\/uploads\/2023\/12\/P1000611-1024x683.jpg\" alt=\"\" class=\"wp-image-205\" srcset=\"https:\/\/www.cafe-pension-frey.de\/wp\/wp-content\/uploads\/2023\/12\/P1000611-1024x683.jpg 1024w, https:\/\/www.cafe-pension-frey.de\/wp\/wp-content\/uploads\/2023\/12\/P1000611-300x200.jpg 300w, https:\/\/www.cafe-pension-frey.de\/wp\/wp-content\/uploads\/2023\/12\/P1000611-768x512.jpg 768w, https:\/\/www.cafe-pension-frey.de\/wp\/wp-content\/uploads\/2023\/12\/P1000611-1536x1024.jpg 1536w, https:\/\/www.cafe-pension-frey.de\/wp\/wp-content\/uploads\/2023\/12\/P1000611-2048x1365.jpg 2048w\" sizes=\"auto, (max-width: 1024px) 100vw, 1024px\" \/><\/a><\/figure>\n\n\n\n<figure class=\"wp-block-image size-large\"><a href=\"https:\/\/www.cafe-pension-frey.de\/wp\/wp-content\/uploads\/2023\/12\/P1000535-scaled.jpg\"><img loading=\"lazy\" decoding=\"async\" width=\"1024\" height=\"683\" data-id=\"202\" src=\"https:\/\/www.cafe-pension-frey.de\/wp\/wp-content\/uploads\/2023\/12\/P1000535-1024x683.jpg\" alt=\"\" class=\"wp-image-202\" srcset=\"https:\/\/www.cafe-pension-frey.de\/wp\/wp-content\/uploads\/2023\/12\/P1000535-1024x683.jpg 1024w, https:\/\/www.cafe-pension-frey.de\/wp\/wp-content\/uploads\/2023\/12\/P1000535-300x200.jpg 300w, https:\/\/www.cafe-pension-frey.de\/wp\/wp-content\/uploads\/2023\/12\/P1000535-768x512.jpg 768w, https:\/\/www.cafe-pension-frey.de\/wp\/wp-content\/uploads\/2023\/12\/P1000535-1536x1024.jpg 1536w, https:\/\/www.cafe-pension-frey.de\/wp\/wp-content\/uploads\/2023\/12\/P1000535-2048x1365.jpg 2048w\" sizes=\"auto, (max-width: 1024px) 100vw, 1024px\" \/><\/a><\/figure>\n\n\n\n<figure class=\"wp-block-image size-large\"><a href=\"https:\/\/www.cafe-pension-frey.de\/wp\/wp-content\/uploads\/2023\/12\/P1000603-scaled.jpg\"><img loading=\"lazy\" decoding=\"async\" width=\"1024\" height=\"683\" data-id=\"204\" src=\"https:\/\/www.cafe-pension-frey.de\/wp\/wp-content\/uploads\/2023\/12\/P1000603-1024x683.jpg\" alt=\"\" class=\"wp-image-204\" srcset=\"https:\/\/www.cafe-pension-frey.de\/wp\/wp-content\/uploads\/2023\/12\/P1000603-1024x683.jpg 1024w, https:\/\/www.cafe-pension-frey.de\/wp\/wp-content\/uploads\/2023\/12\/P1000603-300x200.jpg 300w, https:\/\/www.cafe-pension-frey.de\/wp\/wp-content\/uploads\/2023\/12\/P1000603-768x512.jpg 768w, https:\/\/www.cafe-pension-frey.de\/wp\/wp-content\/uploads\/2023\/12\/P1000603-1536x1024.jpg 1536w, https:\/\/www.cafe-pension-frey.de\/wp\/wp-content\/uploads\/2023\/12\/P1000603-2048x1365.jpg 2048w\" sizes=\"auto, (max-width: 1024px) 100vw, 1024px\" \/><\/a><\/figure>\n<\/figure>\n","protected":false},"excerpt":{"rendered":"<p>Die Ferienwohnung umfasst 90 qm. Mit seperatem Eingang, und einer gro\u00dfen Aussenterrasse. Mit zwei getrennten Schlafzimmern.Ein t\u00e4glicher Br\u00f6tchenservice ist eingerichtet.Auf Wunsch bereiten wir Ihnen auch Ihr Fr\u00fchst\u00fcck in unserer Pension zu. Bettw\u00e4sche und Handt\u00fccher sind vorhanden.Die Endreinigung der Wohnung ist im Preis inbegriffen.<\/p>\n","protected":false},"author":1,"featured_media":0,"parent":0,"menu_order":4,"comment_status":"closed","ping_status":"closed","template":"","meta":{"footnotes":""},"class_list":["post-10","page","type-page","status-publish","hentry"],"_links":{"self":[{"href":"https:\/\/www.cafe-pension-frey.de\/herzlich-willkommen\/wp-json\/wp\/v2\/pages\/10","targetHints":{"allow":["GET"]}}],"collection":[{"href":"https:\/\/www.cafe-pension-frey.de\/herzlich-willkommen\/wp-json\/wp\/v2\/pages"}],"about":[{"href":"https:\/\/www.cafe-pension-frey.de\/herzlich-willkommen\/wp-json\/wp\/v2\/types\/page"}],"author":[{"embeddable":true,"href":"https:\/\/www.cafe-pension-frey.de\/herzlich-willkommen\/wp-json\/wp\/v2\/users\/1"}],"replies":[{"embeddable":true,"href":"https:\/\/www.cafe-pension-frey.de\/herzlich-willkommen\/wp-json\/wp\/v2\/comments?post=10"}],"version-history":[{"count":13,"href":"https:\/\/www.cafe-pension-frey.de\/herzlich-willkommen\/wp-json\/wp\/v2\/pages\/10\/revisions"}],"predecessor-version":[{"id":211,"href":"https:\/\/www.cafe-pension-frey.de\/herzlich-willkommen\/wp-json\/wp\/v2\/pages\/10\/revisions\/211"}],"wp:attachment":[{"href":"https:\/\/www.cafe-pension-frey.de\/herzlich-willkommen\/wp-json\/wp\/v2\/media?parent=10"}],"curies":[{"name":"wp","href":"https:\/\/api.w.org\/{rel}","templated":true}]}}