{"id":18,"date":"2013-10-24T18:21:34","date_gmt":"2013-10-24T16:21:34","guid":{"rendered":"http:\/\/www.cafe-pension-frey.de\/wp\/?page_id=18"},"modified":"2023-11-04T22:00:14","modified_gmt":"2023-11-04T20:00:14","slug":"ausflugsmoeglichkeiten","status":"publish","type":"page","link":"https:\/\/www.cafe-pension-frey.de\/herzlich-willkommen\/ausflugsmoeglichkeiten\/","title":{"rendered":"Ausflugsm\u00f6glichkeiten"},"content":{"rendered":"<ul>\n<li>Gute Wanderm\u00f6glichkeiten sind f\u00fcr jedermann vorhanden.<\/li>\n<li>kilometerlange Radwege (Tour de Murgtal)<\/li>\n<li>Erlebnispfad (auf den Spuren der Fl\u00f6\u00dfer und Lehnsbauern)<\/li>\n<li>Spielplatz mit Wassertretstelle<\/li>\n<li>Beheiztes Freibad<\/li>\n<li>mehrere Karseen als Wanderziel (Huzenbachersee, Schurmsee)<\/li>\n<\/ul>\n\n","protected":false},"excerpt":{"rendered":"<p>Gute Wanderm\u00f6glichkeiten sind f\u00fcr jedermann vorhanden. kilometerlange Radwege (Tour de Murgtal) Erlebnispfad (auf den Spuren der Fl\u00f6\u00dfer und Lehnsbauern) Spielplatz mit Wassertretstelle Beheiztes Freibad mehrere Karseen als Wanderziel (Huzenbachersee, Schurmsee)<\/p>\n","protected":false},"author":1,"featured_media":0,"parent":0,"menu_order":7,"comment_status":"closed","ping_status":"closed","template":"","meta":{"footnotes":""},"class_list":["post-18","page","type-page","status-publish","hentry"],"_links":{"self":[{"href":"https:\/\/www.cafe-pension-frey.de\/herzlich-willkommen\/wp-json\/wp\/v2\/pages\/18","targetHints":{"allow":["GET"]}}],"collection":[{"href":"https:\/\/www.cafe-pension-frey.de\/herzlich-willkommen\/wp-json\/wp\/v2\/pages"}],"about":[{"href":"https:\/\/www.cafe-pension-frey.de\/herzlich-willkommen\/wp-json\/wp\/v2\/types\/page"}],"author":[{"embeddable":true,"href":"https:\/\/www.cafe-pension-frey.de\/herzlich-willkommen\/wp-json\/wp\/v2\/users\/1"}],"replies":[{"embeddable":true,"href":"https:\/\/www.cafe-pension-frey.de\/herzlich-willkommen\/wp-json\/wp\/v2\/comments?post=18"}],"version-history":[{"count":5,"href":"https:\/\/www.cafe-pension-frey.de\/herzlich-willkommen\/wp-json\/wp\/v2\/pages\/18\/revisions"}],"predecessor-version":[{"id":195,"href":"https:\/\/www.cafe-pension-frey.de\/herzlich-willkommen\/wp-json\/wp\/v2\/pages\/18\/revisions\/195"}],"wp:attachment":[{"href":"https:\/\/www.cafe-pension-frey.de\/herzlich-willkommen\/wp-json\/wp\/v2\/media?parent=18"}],"curies":[{"name":"wp","href":"https:\/\/api.w.org\/{rel}","templated":true}]}}