{"id":2,"date":"2013-10-24T15:38:52","date_gmt":"2013-10-24T13:38:52","guid":{"rendered":"http:\/\/www.cafe-pension-frey.de\/wp\/?page_id=2"},"modified":"2023-11-04T22:01:22","modified_gmt":"2023-11-04T20:01:22","slug":"herzlich-willkommen","status":"publish","type":"page","link":"https:\/\/www.cafe-pension-frey.de\/herzlich-willkommen\/","title":{"rendered":"Herzlich Willkommen"},"content":{"rendered":"<p>in unserem famili\u00e4r gef\u00fchrten<br \/><strong style=\"font-size: 24px;\">Caf\u00e9 &#8211; Pension<\/strong><br \/>in ruhiger, sonniger Lage.<\/p>\n\n\n\n<div class=\"wp-block-group\"><div class=\"wp-block-group__inner-container is-layout-flow wp-block-group-is-layout-flow\"><\/div><\/div>\n","protected":false},"excerpt":{"rendered":"<p>in unserem famili\u00e4r gef\u00fchrtenCaf\u00e9 &#8211; Pensionin ruhiger, sonniger Lage.<\/p>\n","protected":false},"author":1,"featured_media":0,"parent":0,"menu_order":1,"comment_status":"closed","ping_status":"closed","template":"","meta":{"footnotes":""},"class_list":["post-2","page","type-page","status-publish","hentry"],"_links":{"self":[{"href":"https:\/\/www.cafe-pension-frey.de\/herzlich-willkommen\/wp-json\/wp\/v2\/pages\/2","targetHints":{"allow":["GET"]}}],"collection":[{"href":"https:\/\/www.cafe-pension-frey.de\/herzlich-willkommen\/wp-json\/wp\/v2\/pages"}],"about":[{"href":"https:\/\/www.cafe-pension-frey.de\/herzlich-willkommen\/wp-json\/wp\/v2\/types\/page"}],"author":[{"embeddable":true,"href":"https:\/\/www.cafe-pension-frey.de\/herzlich-willkommen\/wp-json\/wp\/v2\/users\/1"}],"replies":[{"embeddable":true,"href":"https:\/\/www.cafe-pension-frey.de\/herzlich-willkommen\/wp-json\/wp\/v2\/comments?post=2"}],"version-history":[{"count":11,"href":"https:\/\/www.cafe-pension-frey.de\/herzlich-willkommen\/wp-json\/wp\/v2\/pages\/2\/revisions"}],"predecessor-version":[{"id":199,"href":"https:\/\/www.cafe-pension-frey.de\/herzlich-willkommen\/wp-json\/wp\/v2\/pages\/2\/revisions\/199"}],"wp:attachment":[{"href":"https:\/\/www.cafe-pension-frey.de\/herzlich-willkommen\/wp-json\/wp\/v2\/media?parent=2"}],"curies":[{"name":"wp","href":"https:\/\/api.w.org\/{rel}","templated":true}]}}